{"id":9590,"date":"2025-06-28T10:00:33","date_gmt":"2025-06-28T07:00:33","guid":{"rendered":"https:\/\/mtroyal.com.tr\/tr\/?post_type=product&#038;p=9590"},"modified":"2025-05-26T16:57:26","modified_gmt":"2025-05-26T13:57:26","slug":"hindistancevizi-yagi-2","status":"publish","type":"product","link":"https:\/\/mtroyal.com.tr\/tr\/product\/hindistancevizi-yagi-2\/","title":{"rendered":"Hindistancevizi Ya\u011f\u0131"},"content":{"rendered":"<p><strong>Hindistancevizi Ya\u011f\u0131<\/strong>, sanayide geni\u015f kullan\u0131m alan\u0131 ile \u00f6ne \u00e7\u0131kan \u00e7ok y\u00f6nl\u00fc bir bitkisel ya\u011fd\u0131r. MT Royal olarak, <strong>end\u00fcstriyel \u00fcreticiler ve b\u00fcy\u00fck \u00f6l\u00e7ekli i\u015fletmeler<\/strong> i\u00e7in y\u00fcksek kalite standartlar\u0131nda, saf ve do\u011fal Hindistancevizi Ya\u011f\u0131 tedarik ediyoruz. Do\u011fal yap\u0131s\u0131 sayesinde kozmetik, g\u0131da, kimya ve ila\u00e7 sekt\u00f6rlerinde tercih edilen bu \u00fcr\u00fcn, y\u00fcksek performans\u0131 ve dayan\u0131kl\u0131l\u0131\u011f\u0131 ile \u00fcretim s\u00fcre\u00e7lerinize de\u011fer katacakt\u0131r.<\/p>\n<h2><strong>Hindistancevizi Ya\u011f\u0131 Nedir?<\/strong><\/h2>\n<p><strong>Hindistancevizi Ya\u011f\u0131<\/strong>, tropikal hindistancevizinden elde edilen bitkisel bir ya\u011fd\u0131r. Kat\u0131 ve s\u0131v\u0131 halde bulunabilen bu ya\u011f, y\u00fcksek doymu\u015f ya\u011f asidi i\u00e7eri\u011fi sayesinde dayan\u0131kl\u0131d\u0131r. End\u00fcstriyel uygulamalarda ham madde olarak kullan\u0131l\u0131r ve \u00fcr\u00fcnlerin kalite, stabilite ve verimlili\u011fini art\u0131r\u0131r.<\/p>\n<h2><strong>Hindistancevizi Ya\u011f\u0131\u2019n\u0131n \u00d6ne \u00c7\u0131kan \u00d6zellikleri ve Faydalar\u0131<\/strong><\/h2>\n<ul>\n<li><strong>Y\u00fcksek Safl\u0131k ve Kalite:<\/strong> MT Royal garantisiyle saf ve katk\u0131s\u0131z.<\/li>\n<li><strong>Do\u011fal Antioksidan \u0130\u00e7eri\u011fi:<\/strong> \u00dcr\u00fcnlerin raf \u00f6mr\u00fcn\u00fc uzat\u0131r.<\/li>\n<li><strong>Is\u0131ya Dayan\u0131kl\u0131:<\/strong> End\u00fcstriyel \u00fcretim s\u00fcre\u00e7lerinde y\u00fcksek s\u0131cakl\u0131klara kar\u015f\u0131 stabil.<\/li>\n<li><strong>\u00c7ok Y\u00f6nl\u00fc Kullan\u0131m:<\/strong> Kozmetikten g\u0131daya, ila\u00e7tan kimyaya geni\u015f uygulama alan\u0131.<\/li>\n<li><strong>Biyobozunur ve \u00c7evre Dostu:<\/strong> S\u00fcrd\u00fcr\u00fclebilir \u00fcretim s\u00fcre\u00e7lerine uyumlu.<\/li>\n<\/ul>\n<h2><strong>Hindistancevizi Ya\u011f\u0131\u2019n\u0131n End\u00fcstriyel Uygulamalar\u0131<\/strong><\/h2>\n<h3><strong>G\u0131da \u00dcretimi<\/strong><\/h3>\n<ul>\n<li>Margarin ve kahve kremas\u0131 gibi \u00fcr\u00fcnlerin \u00fcretiminde.<\/li>\n<li>Do\u011fal g\u0131da katk\u0131 maddesi olarak sa\u011fl\u0131kl\u0131 alternatif.<\/li>\n<\/ul>\n<h3><strong>Kozmetik ve Ki\u015fisel Bak\u0131m \u00dcr\u00fcnleri<\/strong><\/h3>\n<ul>\n<li>Sabun, \u015fampuan, losyon ve krem form\u00fclasyonlar\u0131nda nemlendirici ve koruyucu olarak.<\/li>\n<li>Cilt ve sa\u00e7 bak\u0131m \u00fcr\u00fcnlerinin temel bile\u015feni.<\/li>\n<\/ul>\n<h3><strong>Kimya ve \u0130la\u00e7 Sanayi<\/strong><\/h3>\n<ul>\n<li>Farmas\u00f6tik \u00fcr\u00fcnlerde ta\u015f\u0131y\u0131c\u0131 ve stabilizat\u00f6r olarak.<\/li>\n<li>Biyodizel \u00fcretimi i\u00e7in ham madde.<\/li>\n<\/ul>\n<h3><strong>Di\u011fer End\u00fcstriler<\/strong><\/h3>\n<ul>\n<li>G\u0131da d\u0131\u015f\u0131 ya\u011flama ve end\u00fcstriyel kimyasallarda hammadde.<\/li>\n<\/ul>\n<h2><strong>Hindistancevizi Ya\u011f\u0131 Teknik \u00d6zellikleri<\/strong><\/h2>\n<table>\n<thead>\n<tr>\n<th>\u00d6zellik<\/th>\n<th>De\u011fer<\/th>\n<\/tr>\n<\/thead>\n<tbody>\n<tr>\n<td>G\u00f6r\u00fcn\u00fcm<\/td>\n<td>\u015eeffaf, hafif sar\u0131 s\u0131v\u0131<\/td>\n<\/tr>\n<tr>\n<td>Koku<\/td>\n<td>Hafif hindistancevizi kokusu<\/td>\n<\/tr>\n<tr>\n<td>Asitlik (FFA)<\/td>\n<td>Maksimum %0.5<\/td>\n<\/tr>\n<tr>\n<td>\u0130yot Say\u0131s\u0131<\/td>\n<td>6 \u2013 11<\/td>\n<\/tr>\n<tr>\n<td>Eriyik Noktas\u0131<\/td>\n<td>24 \u2013 26 \u00b0C<\/td>\n<\/tr>\n<tr>\n<td>Nem ve U\u00e7ucu Madde<\/td>\n<td>Maksimum %0.1<\/td>\n<\/tr>\n<tr>\n<td>Yo\u011funluk (20\u00b0C)<\/td>\n<td>0.92 \u2013 0.93 g\/cm\u00b3<\/td>\n<\/tr>\n<\/tbody>\n<\/table>\n<h2><strong>Neden MT Royal\u2019den Hindistancevizi Ya\u011f\u0131 Almal\u0131s\u0131n\u0131z?<\/strong><\/h2>\n<ul>\n<li><strong>G\u00fcvenilir Tedarik\u00e7i:<\/strong> Y\u0131llar\u0131n deneyimi ve global tedarik a\u011f\u0131.<\/li>\n<li><strong>Rekabet\u00e7i Fiyatlar:<\/strong> Toplu al\u0131mlarda avantajl\u0131 fiyatland\u0131rma.<\/li>\n<li><strong>Teknik Destek:<\/strong> \u00dcr\u00fcn se\u00e7imi ve uygulama dan\u0131\u015fmanl\u0131\u011f\u0131.<\/li>\n<li><strong>H\u0131zl\u0131 ve Kesintisiz Teslimat:<\/strong> Projelerinizin aksamamas\u0131 i\u00e7in zaman\u0131nda lojistik.<\/li>\n<li><strong>Kalite Garantisi:<\/strong> Uluslararas\u0131 kalite standartlar\u0131na uygun \u00fcr\u00fcnler.<\/li>\n<\/ul>\n<h2><strong>Hemen \u0130leti\u015fime Ge\u00e7in, Sipari\u015finizi Olu\u015fturun!<\/strong><\/h2>\n<p>Siz de \u00fcretim s\u00fcre\u00e7lerinizde y\u00fcksek kaliteli, g\u00fcvenilir ve \u00e7ok ama\u00e7l\u0131 <strong>Hindistancevizi Ya\u011f\u0131<\/strong> kullanmak istiyorsan\u0131z, MT Royal\u2019in profesyonel hizmetlerinden faydalanabilirsiniz. Teklif ve detayl\u0131 bilgi i\u00e7in bizimle hemen ileti\u015fime ge\u00e7in!<\/p>\n<p>&nbsp;<\/p>\n<div style='text-align:center' class='yasr-auto-insert-visitor'><\/div>","protected":false},"excerpt":{"rendered":"<p>MT Royal\u2019in sundu\u011fu <strong>Hindistancevizi Ya\u011f\u0131<\/strong>, end\u00fcstriyel \u00fcreticiler i\u00e7in y\u00fcksek kalite ve &#8230; <\/p>\n","protected":false},"featured_media":9703,"comment_status":"open","ping_status":"closed","template":"","meta":{"yasr_overall_rating":0,"yasr_post_is_review":"","yasr_auto_insert_disabled":"","yasr_review_type":""},"product_brand":[],"product_cat":[325],"product_tag":[],"class_list":{"0":"post-9590","1":"product","2":"type-product","3":"status-publish","4":"has-post-thumbnail","6":"product_cat-yaglar","8":"first","9":"instock","10":"shipping-taxable","11":"product-type-simple"},"yoast_head":"<!-- This site is optimized with the Yoast SEO Premium plugin v24.5 (Yoast SEO v26.6) - https:\/\/yoast.com\/wordpress\/plugins\/seo\/ -->\n<title>Hindistancevizi Ya\u011f\u0131 - MTROYAL<\/title>\n<meta name=\"description\" content=\"Saf ve kaliteli Hindistancevizi Ya\u011f\u0131 ile end\u00fcstriyel \u00fcretimlerinize de\u011fer kat\u0131n. MT Royal\u2019den g\u00fcvenilir tedarik, teknik destek ve h\u0131zl\u0131 teslimat.\" \/>\n<meta name=\"robots\" content=\"index, follow, max-snippet:-1, max-image-preview:large, max-video-preview:-1\" \/>\n<link rel=\"canonical\" href=\"https:\/\/mtroyal.com.tr\/tr\/product\/hindistancevizi-yagi-2\/\" \/>\n<meta property=\"og:locale\" content=\"tr_TR\" \/>\n<meta property=\"og:type\" content=\"article\" \/>\n<meta property=\"og:title\" content=\"Hindistancevizi Ya\u011f\u0131\" \/>\n<meta property=\"og:description\" content=\"Saf ve kaliteli Hindistancevizi Ya\u011f\u0131 ile end\u00fcstriyel \u00fcretimlerinize de\u011fer kat\u0131n. MT Royal\u2019den g\u00fcvenilir tedarik, teknik destek ve h\u0131zl\u0131 teslimat.\" \/>\n<meta property=\"og:url\" content=\"https:\/\/mtroyal.com.tr\/tr\/product\/hindistancevizi-yagi-2\/\" \/>\n<meta property=\"og:site_name\" content=\"MTROYAL\" \/>\n<meta property=\"og:image\" content=\"https:\/\/mtroyal.com.tr\/tr\/wp-content\/uploads\/2025\/05\/Hindistancevizi-Yagi.jpg\" \/>\n\t<meta property=\"og:image:width\" content=\"275\" \/>\n\t<meta property=\"og:image:height\" content=\"183\" \/>\n\t<meta property=\"og:image:type\" content=\"image\/jpeg\" \/>\n<meta name=\"twitter:card\" content=\"summary_large_image\" \/>\n<script type=\"application\/ld+json\" class=\"yoast-schema-graph\">{\"@context\":\"https:\/\/schema.org\",\"@graph\":[{\"@type\":\"WebPage\",\"@id\":\"https:\/\/mtroyal.com.tr\/tr\/product\/hindistancevizi-yagi-2\/\",\"url\":\"https:\/\/mtroyal.com.tr\/tr\/product\/hindistancevizi-yagi-2\/\",\"name\":\"Hindistancevizi Ya\u011f\u0131 - MTROYAL\",\"isPartOf\":{\"@id\":\"https:\/\/mtroyal.com.tr\/tr\/#website\"},\"primaryImageOfPage\":{\"@id\":\"https:\/\/mtroyal.com.tr\/tr\/product\/hindistancevizi-yagi-2\/#primaryimage\"},\"image\":{\"@id\":\"https:\/\/mtroyal.com.tr\/tr\/product\/hindistancevizi-yagi-2\/#primaryimage\"},\"thumbnailUrl\":\"https:\/\/mtroyal.com.tr\/tr\/wp-content\/uploads\/2025\/05\/Hindistancevizi-Yagi.jpg\",\"datePublished\":\"2025-06-28T07:00:33+00:00\",\"description\":\"Saf ve kaliteli Hindistancevizi Ya\u011f\u0131 ile end\u00fcstriyel \u00fcretimlerinize de\u011fer kat\u0131n. MT Royal\u2019den g\u00fcvenilir tedarik, teknik destek ve h\u0131zl\u0131 teslimat.\",\"breadcrumb\":{\"@id\":\"https:\/\/mtroyal.com.tr\/tr\/product\/hindistancevizi-yagi-2\/#breadcrumb\"},\"inLanguage\":\"tr\",\"potentialAction\":[{\"@type\":\"ReadAction\",\"target\":[\"https:\/\/mtroyal.com.tr\/tr\/product\/hindistancevizi-yagi-2\/\"]}]},{\"@type\":\"ImageObject\",\"inLanguage\":\"tr\",\"@id\":\"https:\/\/mtroyal.com.tr\/tr\/product\/hindistancevizi-yagi-2\/#primaryimage\",\"url\":\"https:\/\/mtroyal.com.tr\/tr\/wp-content\/uploads\/2025\/05\/Hindistancevizi-Yagi.jpg\",\"contentUrl\":\"https:\/\/mtroyal.com.tr\/tr\/wp-content\/uploads\/2025\/05\/Hindistancevizi-Yagi.jpg\",\"width\":275,\"height\":183,\"caption\":\"Hindistancevizi Ya\u011f\u0131\"},{\"@type\":\"BreadcrumbList\",\"@id\":\"https:\/\/mtroyal.com.tr\/tr\/product\/hindistancevizi-yagi-2\/#breadcrumb\",\"itemListElement\":[{\"@type\":\"ListItem\",\"position\":1,\"name\":\"Home\",\"item\":\"https:\/\/mtroyal.com.tr\/tr\/\"},{\"@type\":\"ListItem\",\"position\":2,\"name\":\"\u00dcr\u00fcnlerimiz\",\"item\":\"https:\/\/mtroyal.com.tr\/tr\/urunlerimiz\/\"},{\"@type\":\"ListItem\",\"position\":3,\"name\":\"Hindistancevizi Ya\u011f\u0131\"}]},{\"@type\":\"WebSite\",\"@id\":\"https:\/\/mtroyal.com.tr\/tr\/#website\",\"url\":\"https:\/\/mtroyal.com.tr\/tr\/\",\"name\":\"MTROYAL\",\"description\":\"\",\"publisher\":{\"@id\":\"https:\/\/mtroyal.com.tr\/tr\/#organization\"},\"potentialAction\":[{\"@type\":\"SearchAction\",\"target\":{\"@type\":\"EntryPoint\",\"urlTemplate\":\"https:\/\/mtroyal.com.tr\/tr\/?s={search_term_string}\"},\"query-input\":{\"@type\":\"PropertyValueSpecification\",\"valueRequired\":true,\"valueName\":\"search_term_string\"}}],\"inLanguage\":\"tr\"},{\"@type\":\"Organization\",\"@id\":\"https:\/\/mtroyal.com.tr\/tr\/#organization\",\"name\":\"MTROYAL\",\"url\":\"https:\/\/mtroyal.com.tr\/tr\/\",\"logo\":{\"@type\":\"ImageObject\",\"inLanguage\":\"tr\",\"@id\":\"https:\/\/mtroyal.com.tr\/tr\/#\/schema\/logo\/image\/\",\"url\":\"https:\/\/mtroyal.com.tr\/tr\/wp-content\/uploads\/2023\/12\/mt-logo.png\",\"contentUrl\":\"https:\/\/mtroyal.com.tr\/tr\/wp-content\/uploads\/2023\/12\/mt-logo.png\",\"width\":313,\"height\":261,\"caption\":\"MTROYAL\"},\"image\":{\"@id\":\"https:\/\/mtroyal.com.tr\/tr\/#\/schema\/logo\/image\/\"}},false]}<\/script>\n<!-- \/ Yoast SEO Premium plugin. -->","yoast_head_json":{"title":"Hindistancevizi Ya\u011f\u0131 - MTROYAL","description":"Saf ve kaliteli Hindistancevizi Ya\u011f\u0131 ile end\u00fcstriyel \u00fcretimlerinize de\u011fer kat\u0131n. MT Royal\u2019den g\u00fcvenilir tedarik, teknik destek ve h\u0131zl\u0131 teslimat.","robots":{"index":"index","follow":"follow","max-snippet":"max-snippet:-1","max-image-preview":"max-image-preview:large","max-video-preview":"max-video-preview:-1"},"canonical":"https:\/\/mtroyal.com.tr\/tr\/product\/hindistancevizi-yagi-2\/","og_locale":"tr_TR","og_type":"article","og_title":"Hindistancevizi Ya\u011f\u0131","og_description":"Saf ve kaliteli Hindistancevizi Ya\u011f\u0131 ile end\u00fcstriyel \u00fcretimlerinize de\u011fer kat\u0131n. MT Royal\u2019den g\u00fcvenilir tedarik, teknik destek ve h\u0131zl\u0131 teslimat.","og_url":"https:\/\/mtroyal.com.tr\/tr\/product\/hindistancevizi-yagi-2\/","og_site_name":"MTROYAL","og_image":[{"width":275,"height":183,"url":"https:\/\/mtroyal.com.tr\/tr\/wp-content\/uploads\/2025\/05\/Hindistancevizi-Yagi.jpg","type":"image\/jpeg"}],"twitter_card":"summary_large_image","schema":{"@context":"https:\/\/schema.org","@graph":[{"@type":"WebPage","@id":"https:\/\/mtroyal.com.tr\/tr\/product\/hindistancevizi-yagi-2\/","url":"https:\/\/mtroyal.com.tr\/tr\/product\/hindistancevizi-yagi-2\/","name":"Hindistancevizi Ya\u011f\u0131 - MTROYAL","isPartOf":{"@id":"https:\/\/mtroyal.com.tr\/tr\/#website"},"primaryImageOfPage":{"@id":"https:\/\/mtroyal.com.tr\/tr\/product\/hindistancevizi-yagi-2\/#primaryimage"},"image":{"@id":"https:\/\/mtroyal.com.tr\/tr\/product\/hindistancevizi-yagi-2\/#primaryimage"},"thumbnailUrl":"https:\/\/mtroyal.com.tr\/tr\/wp-content\/uploads\/2025\/05\/Hindistancevizi-Yagi.jpg","datePublished":"2025-06-28T07:00:33+00:00","description":"Saf ve kaliteli Hindistancevizi Ya\u011f\u0131 ile end\u00fcstriyel \u00fcretimlerinize de\u011fer kat\u0131n. MT Royal\u2019den g\u00fcvenilir tedarik, teknik destek ve h\u0131zl\u0131 teslimat.","breadcrumb":{"@id":"https:\/\/mtroyal.com.tr\/tr\/product\/hindistancevizi-yagi-2\/#breadcrumb"},"inLanguage":"tr","potentialAction":[{"@type":"ReadAction","target":["https:\/\/mtroyal.com.tr\/tr\/product\/hindistancevizi-yagi-2\/"]}]},{"@type":"ImageObject","inLanguage":"tr","@id":"https:\/\/mtroyal.com.tr\/tr\/product\/hindistancevizi-yagi-2\/#primaryimage","url":"https:\/\/mtroyal.com.tr\/tr\/wp-content\/uploads\/2025\/05\/Hindistancevizi-Yagi.jpg","contentUrl":"https:\/\/mtroyal.com.tr\/tr\/wp-content\/uploads\/2025\/05\/Hindistancevizi-Yagi.jpg","width":275,"height":183,"caption":"Hindistancevizi Ya\u011f\u0131"},{"@type":"BreadcrumbList","@id":"https:\/\/mtroyal.com.tr\/tr\/product\/hindistancevizi-yagi-2\/#breadcrumb","itemListElement":[{"@type":"ListItem","position":1,"name":"Home","item":"https:\/\/mtroyal.com.tr\/tr\/"},{"@type":"ListItem","position":2,"name":"\u00dcr\u00fcnlerimiz","item":"https:\/\/mtroyal.com.tr\/tr\/urunlerimiz\/"},{"@type":"ListItem","position":3,"name":"Hindistancevizi Ya\u011f\u0131"}]},{"@type":"WebSite","@id":"https:\/\/mtroyal.com.tr\/tr\/#website","url":"https:\/\/mtroyal.com.tr\/tr\/","name":"MTROYAL","description":"","publisher":{"@id":"https:\/\/mtroyal.com.tr\/tr\/#organization"},"potentialAction":[{"@type":"SearchAction","target":{"@type":"EntryPoint","urlTemplate":"https:\/\/mtroyal.com.tr\/tr\/?s={search_term_string}"},"query-input":{"@type":"PropertyValueSpecification","valueRequired":true,"valueName":"search_term_string"}}],"inLanguage":"tr"},{"@type":"Organization","@id":"https:\/\/mtroyal.com.tr\/tr\/#organization","name":"MTROYAL","url":"https:\/\/mtroyal.com.tr\/tr\/","logo":{"@type":"ImageObject","inLanguage":"tr","@id":"https:\/\/mtroyal.com.tr\/tr\/#\/schema\/logo\/image\/","url":"https:\/\/mtroyal.com.tr\/tr\/wp-content\/uploads\/2023\/12\/mt-logo.png","contentUrl":"https:\/\/mtroyal.com.tr\/tr\/wp-content\/uploads\/2023\/12\/mt-logo.png","width":313,"height":261,"caption":"MTROYAL"},"image":{"@id":"https:\/\/mtroyal.com.tr\/tr\/#\/schema\/logo\/image\/"}},false]}},"yasr_visitor_votes":{"stars_attributes":{"read_only":false,"span_bottom":false},"number_of_votes":0,"sum_votes":0},"_links":{"self":[{"href":"https:\/\/mtroyal.com.tr\/tr\/wp-json\/wp\/v2\/product\/9590","targetHints":{"allow":["GET"]}}],"collection":[{"href":"https:\/\/mtroyal.com.tr\/tr\/wp-json\/wp\/v2\/product"}],"about":[{"href":"https:\/\/mtroyal.com.tr\/tr\/wp-json\/wp\/v2\/types\/product"}],"replies":[{"embeddable":true,"href":"https:\/\/mtroyal.com.tr\/tr\/wp-json\/wp\/v2\/comments?post=9590"}],"wp:featuredmedia":[{"embeddable":true,"href":"https:\/\/mtroyal.com.tr\/tr\/wp-json\/wp\/v2\/media\/9703"}],"wp:attachment":[{"href":"https:\/\/mtroyal.com.tr\/tr\/wp-json\/wp\/v2\/media?parent=9590"}],"wp:term":[{"taxonomy":"product_brand","embeddable":true,"href":"https:\/\/mtroyal.com.tr\/tr\/wp-json\/wp\/v2\/product_brand?post=9590"},{"taxonomy":"product_cat","embeddable":true,"href":"https:\/\/mtroyal.com.tr\/tr\/wp-json\/wp\/v2\/product_cat?post=9590"},{"taxonomy":"product_tag","embeddable":true,"href":"https:\/\/mtroyal.com.tr\/tr\/wp-json\/wp\/v2\/product_tag?post=9590"}],"curies":[{"name":"wp","href":"https:\/\/api.w.org\/{rel}","templated":true}]}}